{"id":23,"date":"2010-03-04T22:41:21","date_gmt":"2010-03-04T21:41:21","guid":{"rendered":"http:\/\/martinemrichard.fr\/blog\/?page_id=23"},"modified":"2010-04-05T08:12:42","modified_gmt":"2010-04-05T07:12:42","slug":"expositions","status":"publish","type":"page","link":"https:\/\/martinemrichard.fr\/blog\/?page_id=23","title":{"rendered":"Expositions"},"content":{"rendered":"<p><!-- \t\t@page { margin: 2cm } \t\tP { margin-bottom: 0.21cm } --><em><strong>2010:<\/strong><\/em><\/p>\n<p>Couiza: mars &#8211; manifestation \u00ab\u00a0Toques et Clochers\u00a0\u00bb<\/p>\n<p>Villemoustaussou: f\u00e9vrier- exposition duo<\/p>\n<p>Villemoustaussou: janvier- visite de l&rsquo;atelier par les AVF(accueil-ville-fran\u00e7aise)<\/p>\n<p><em><strong>2009:<\/strong><\/em><\/p>\n<p>Carcassonne: d\u00e9cembre- exposition personnelle \u00e0 la MJC \u00abCouleur Fleur\u00bb<\/p>\n<p>Villalier: novembre- expo de groupe avec Terpsichore: Peintures et Po\u00e9sies<\/p>\n<p>Villegailhenc: novembre- expo personnelle \u00e0 la Mairie<\/p>\n<p>Magrie: octobre- expo de groupe Espace Terroir au sein de L&rsquo;art s&rsquo;invite \u00e0 Magrie<\/p>\n<p>Castelnaudary: ao\u00fbt- Salon Aude \u00e0 la Po\u00e9sie: \u00abDe la plume au pinceau\u00bb<\/p>\n<p>Rennes les Bains: juillet- Galerie \u00abEspace d&rsquo;art\u00bb: expo de groupe th\u00e8me \u00abLa verte\u00bb<\/p>\n<p>Villegailhenc: juin- expo personnelle \u00e0 la biblioth\u00e8que th\u00e8me \u00abLes fleurs\u00bb<\/p>\n<p>Castelnaudary: mai- Salon des Peintres du Lauragais<\/p>\n<p>St Hilaire: mai- expo de groupe Peintres, sculpteurs et po\u00e8tes<\/p>\n<p>Quillan: mai- Galerie Pecadille:expo de groupe th\u00e8me \u00abLe mois de Marie\u00bb<\/p>\n<p>Malras: avril- expo personnelle au sein de la manifestation annuelle Toques et Clochers<\/p>\n<p>Quillan: janvier\/avril- Galerie Pecadille: expo de groupe \u00abPeintres et photographes\u00bb<\/p>\n<p>Quillan: d\u00e9cembre\/janvier- Galerie Pecadille: expo duo \u00abTableaux et c\u00e9ramiques\u00bb<\/p>\n<p><em><strong>2008:<\/strong><\/em><\/p>\n<p>Magrie: octobre- expo de groupe au sein de L&rsquo;Art s&rsquo;invite \u00e0 Magrie<\/p>\n<p>Villemoustaussou: septembre- expo duo \u00e0 la poste dans le cadre de \u00abLa f\u00eate \u00e0 la poste\u00bb<\/p>\n<p>Axat: ao\u00fbt- expo de groupe \u00e0 La Maison Cathare<\/p>\n<p>Axat: juillet- Salon d&rsquo;\u00e9t\u00e9: r\u00e9compense cat\u00e9gorie pastel: <strong><span style=\"color: #3366ff;\">M\u00e9daille d&rsquo;or<\/span> <\/strong><\/p>\n<p>Campagne sur Aude: mai- expo perso au sein de \u00abLe Chemin des Artistes\u00bb<\/p>\n<p>Campagne sur Aude: avril- expo duo \u00e0 l&rsquo;espace Art et Cadres<\/p>\n<p>Limoux: mars- expo perso au sein de la manifestation annuelle de Toques et Clochers<\/p>\n<p>Toulouse: janvier- Espace St J\u00e9r\u00f4me:  expo de groupe: Premier March\u00e9 de l&rsquo;Art<\/p>\n<p><em><strong>2007:<\/strong><\/em><\/p>\n<p>Alet les Bains: octobre-novembre- Casino d&rsquo;Alet: expo perso sur la fleur<\/p>\n<p>Magrie: septembre- expo de groupe au sein de L&rsquo;Art s&rsquo;invite \u00e0 Magrie<\/p>\n<p>Rennes les Bains: ao\u00fbt- \u00abEspace d&rsquo;Art: expo de groupe th\u00e8me \u00abLe pays d&rsquo;Aude\u00bb<\/p>\n<p>Rennes les Bains: juillet- Espace d&rsquo;Art: expo de groupe th\u00e8me \u00abLe Bleu\u00bb<\/p>\n<p>Bouilhonnac: juin- Galerie Cathartiste: expo de groupe<\/p>\n<p>Campagne sur Aude: mai- expo perso au sein de la manifestation \u00abLe Chemin des Artistes\u00bb<\/p>\n<p>Mesquer: ???- Salon International Europ\u00e9en France<\/p>\n<p><em><strong>2006:<\/strong><\/em><\/p>\n<p>Magrie: septembre: expo de groupe au sein de \u00abL&rsquo;Art s&rsquo;invite \u00e0 Magrie\u00bb<\/p>\n<p>Castelnaudary: Septembre: Galerie Paul Sibra- expo perso avec le groupe Rencontres th\u00e8me \u00abL&rsquo;\u00c9cart\u00bb<\/p>\n<p>Castelnaudary: mai- Salon des Peintres du Lauragais<\/p>\n<p><em><strong>2005:<\/strong><\/em><\/p>\n<p>Narbonne: octobre- Galerie Cr\u00e9avia: expo de groupe \u00abL&rsquo;Automne des Pastellistes\u00bb<\/p>\n<p>Magrie: septembre- expo de groupe au sein de la manifestation de \u00abL&rsquo;art s&rsquo;invite \u00e0 Magrie\u00bb<\/p>\n<p>Carcassonne: avril \u00e0 juin- Salon de th\u00e9 \u00abEspace temps\u00bb: expo perso sur le th\u00e8me des jardins et march\u00e9s de fleurs<\/p>\n<p>Carcassonne: Janvier- Restaurant \u00abL&rsquo;Ecurie\u00bb- expo perso \u00abDe Fleurs en P\u00e9tales\u00bb<\/p>\n<p><em><strong>2004:<\/strong><\/em><\/p>\n<p>Castelnaudary: ao\u00fbt- Galerie Paul Sibra: expo de groupe sur le th\u00e8me du \u00abCanal du Midi\u00bb<\/p>\n<p>Castelnaudary: mai: Salon des peintres du Lauragais: <span style=\"color: #3366ff;\"><strong>M\u00e9daille de bronze<\/strong><\/span><\/p>\n<p>Carcassonne: expo perso permanente- Restaurant L&rsquo;\u00c9cu d&rsquo;or<\/p>\n<p><em><strong>2003:<\/strong><\/em><\/p>\n<p>Castelnaudary: ao\u00fbt: Galerie Paul Sibra: Jumelage avec Marradi: expo de groupe \u00abL&rsquo;Art au f\u00e9minin\u00bb<\/p>\n<p>Carcassonne: Expo perso permanente au Restaurant L&rsquo;\u00e9cu d&rsquo;or<\/p>\n<p><em><strong>2002:<\/strong><\/em><\/p>\n<p>Castelnaudary: mai?- Salon des peintres du Lauragais<\/p>\n<p>Carcassonne: expo perso permanente \u2013 restaurant L&rsquo;\u00c9cu d&rsquo;or<\/p>\n<p>Paris: janvier- Galerie Art Pr\u00e9sent: Salon d&rsquo;hiver<\/p>\n<p><em><strong>2001:<\/strong><\/em><\/p>\n<p>Paris: f\u00e9vrier- Galerie Thuillier: Salon d&rsquo;hiver<\/p>\n<p>Carcassonne: septembre- Galerie La Porte d&rsquo;Aude: expo personnelle<\/p>\n<p>Carcassonne: septembre \u00e0 d\u00e9cembre- Galerie L&rsquo;\u00c9cu d&rsquo;or: expo perso<\/p>\n<p>Fanjeaux: Salon national annuel<\/p>\n<p>Aix en Provence: Salon International Arts Inter: <span style=\"color: #3366ff;\"><strong>M\u00e9daille d&rsquo;argent avec mention Sp\u00e9ciale du Jury<\/strong><\/span><\/p>\n<p><em><strong>2000:<\/strong><\/em><\/p>\n<p>Paris: mois!- Salon International Des Artistes Fran\u00e7ais: <span style=\"color: #3366ff;\"><strong>M\u00e9daille d&rsquo;argent M\u00e9rite et D\u00e9vouement fran\u00e7ais au titre des Arts et de la Culture<\/strong><\/span><\/p>\n<p>Quarante: mai- Domaine de Rou\u00ebre: expo de groupe: \u00abExposition de Pastels\u00bb<\/p>\n<p>R\u00e9dactionnel dans \u00abArtiste Magazine\u00bb: Th\u00e8me la fleur \u00ab\u00e9tape par \u00e9tape\u00bb<\/p>\n<p>Castelnaudary: mai- Salon des Peintres du Lauragais: <span style=\"color: #3366ff;\"><strong>M\u00e9daille de bronze<\/strong><\/span><\/p>\n<p>Saint Aignan\/Cher: Salon international M\u00e9rite Artistique Europ\u00e9en France: <span style=\"color: #3366ff;\"><strong>Second Prix de Pastel<\/strong><\/span><\/p>\n<p>Fanjeaux: Salon National<\/p>\n<p><em><strong>1999:<\/strong><\/em><\/p>\n<p>Paris: juillet- Galerie Thuillier: Salon d&rsquo;\u00c9t\u00e9<\/p>\n<p>Saint Aignan\/Cher: Mai!!- Salon international M\u00e9rite Artistique Europ\u00e9en France<\/p>\n<p>Castelnaudary: avril\/mai- Salon des Peintres du Lauragais: <span style=\"color: #3366ff;\"><strong>Prix Denat<\/strong><\/span><\/p>\n<p><em><strong>1998:<\/strong><\/em><\/p>\n<p>Fanjeaux: Salon national<\/p>\n<p>Castelnaudary: mai- Salon des Peintres du Lauragais: <span style=\"color: #3366ff;\"><strong>Mention Sp\u00e9ciale du Jury pour le prix \u00ab\u00a0Univers des Arts\u00a0\u00bb<\/strong><\/span><\/p>\n<p>Lyon: mai: Salon International Arts Inter: <span style=\"color: #3366ff;\"><strong>M\u00e9daille d&rsquo;argent<\/strong><\/span><\/p>\n<p><em><strong>1997:<\/strong><\/em><\/p>\n<p>Castelnaudary:  mai: Salon des Peintres du Lauragais: <span style=\"color: #3366ff;\"><strong>Prix Denat<\/strong><\/span><\/p>\n<p><em><strong>1996:<\/strong><\/em><\/p>\n<p>Lab\u00e8ge: Grand Forum de l&rsquo;Art<\/p>\n<p>Blagnac: Salon national<\/p>\n<p>Castelnaudary: mai- Salon des Peintres du Lauragais: <span style=\"color: #3366ff;\"><strong>Mention Sp\u00e9ciale du Jury<\/strong><\/span><\/p>\n<p><em><strong>1995:<\/strong><\/em><\/p>\n<p>New York: S\u00e9lection du jury pour le concours international \u00abArt 95\u00bb<\/p>\n<p>Blagnac:  Salon national: <span style=\"color: #3366ff;\"><strong>Grand Prix du Jury en section Pastel<\/strong><\/span><\/p>\n<p>Castelnaudary: mai- Salon des Peintres du Lauragais <span style=\"color: #3366ff;\"><strong>Prix de la Pr\u00e9sidente<\/strong><\/span><\/p>\n<p>Carcassonne: Salon national  Les Arts Audois<\/p>\n<p>Carcassonne: Salon national Pictor<\/p>\n<p><em><strong>1994:<\/strong><\/em><\/p>\n<p>Carcassonne: Salon national Les Arts Audois<\/p>\n<p>Carcassonne: Salon national Pictor<\/p>\n<p><em><strong>1993 \u00e0 1983:<\/strong><\/em><\/p>\n<p>Nombreuses expositions de groupes ou personnelles dans l&rsquo;Aude et l&rsquo;Ari\u00e8ge<\/p>\n<p><em><strong>1983:<\/strong><\/em><\/p>\n<p>Castelnaudary:  octobre- Salon <span style=\"color: #3366ff;\"><strong>Prix d&rsquo;honneur cat\u00e9gorie pastel<\/strong><\/span><\/p>\n<p><em><strong>1980:<\/strong><\/em><\/p>\n<p>Quillan: ao\u00fbt: Salon national: <span style=\"color: #3366ff;\"><strong>Prix du Ministre de la Culture<\/strong><\/span><\/p>\n","protected":false},"excerpt":{"rendered":"<p>2010: Couiza: mars &#8211; manifestation \u00ab\u00a0Toques et Clochers\u00a0\u00bb Villemoustaussou: f\u00e9vrier- exposition duo Villemoustaussou: janvier- visite de l&rsquo;atelier par les AVF(accueil-ville-fran\u00e7aise) 2009: Carcassonne: d\u00e9cembre- exposition personnelle \u00e0 la MJC \u00abCouleur Fleur\u00bb Villalier: novembre- expo de groupe avec Terpsichore: Peintures et Po\u00e9sies Villegailhenc: novembre- expo personnelle \u00e0 la Mairie Magrie: octobre- expo de groupe Espace Terroir au [&hellip;]<\/p>\n","protected":false},"author":1,"featured_media":0,"parent":0,"menu_order":0,"comment_status":"closed","ping_status":"open","template":"","meta":{"footnotes":""},"class_list":["post-23","page","type-page","status-publish","hentry"],"_links":{"self":[{"href":"https:\/\/martinemrichard.fr\/blog\/index.php?rest_route=\/wp\/v2\/pages\/23","targetHints":{"allow":["GET"]}}],"collection":[{"href":"https:\/\/martinemrichard.fr\/blog\/index.php?rest_route=\/wp\/v2\/pages"}],"about":[{"href":"https:\/\/martinemrichard.fr\/blog\/index.php?rest_route=\/wp\/v2\/types\/page"}],"author":[{"embeddable":true,"href":"https:\/\/martinemrichard.fr\/blog\/index.php?rest_route=\/wp\/v2\/users\/1"}],"replies":[{"embeddable":true,"href":"https:\/\/martinemrichard.fr\/blog\/index.php?rest_route=%2Fwp%2Fv2%2Fcomments&post=23"}],"version-history":[{"count":14,"href":"https:\/\/martinemrichard.fr\/blog\/index.php?rest_route=\/wp\/v2\/pages\/23\/revisions"}],"predecessor-version":[{"id":77,"href":"https:\/\/martinemrichard.fr\/blog\/index.php?rest_route=\/wp\/v2\/pages\/23\/revisions\/77"}],"wp:attachment":[{"href":"https:\/\/martinemrichard.fr\/blog\/index.php?rest_route=%2Fwp%2Fv2%2Fmedia&parent=23"}],"curies":[{"name":"wp","href":"https:\/\/api.w.org\/{rel}","templated":true}]}}