{"id":87,"date":"2010-04-07T19:35:33","date_gmt":"2010-04-07T17:35:33","guid":{"rendered":"http:\/\/martinemrichard.fr\/blog\/?page_id=87"},"modified":"2010-04-07T19:36:06","modified_gmt":"2010-04-07T17:36:06","slug":"lutte","status":"publish","type":"page","link":"https:\/\/martinemrichard.fr\/blog\/?page_id=87","title":{"rendered":"Lutte"},"content":{"rendered":"<p><!-- \t\t@page { margin: 2cm } \t\tP { margin-bottom: 0.21cm } --><\/p>\n<p><a href=\"https:\/\/martinemrichard.fr\/blog\/wp-content\/uploads\/2010\/04\/cerisier-r-.jpg\"><img loading=\"lazy\" decoding=\"async\" class=\"size-thumbnail wp-image-88 alignleft\" title=\"cerisier r\" src=\"https:\/\/martinemrichard.fr\/blog\/wp-content\/uploads\/2010\/04\/cerisier-r--150x150.jpg\" alt=\"\" width=\"150\" height=\"150\" \/><\/a><\/p>\n<p><span style=\"font-size: small;\">D&rsquo;une douceur de plume,<\/span><\/p>\n<p><span style=\"font-size: small;\">L&rsquo;air embaume,<\/span><\/p>\n<p><span style=\"font-size: small;\">Capiteux,<\/span><\/p>\n<p><span style=\"font-size: small;\">Un bien-\u00eatre que l&rsquo;on hume,<\/span><\/p>\n<p><span style=\"font-size: small;\">En souriant, heureux.<\/span><\/p>\n<p><span style=\"font-size: small;\">Un printemps si timide,<\/span><\/p>\n<p><span style=\"font-size: small;\">Un jour gris, <\/span><\/p>\n<p><span style=\"font-size: small;\">Un jour bleu,<\/span><\/p>\n<p><span style=\"font-size: small;\">Que l&rsquo;on soupire,<\/span><\/p>\n<p><span style=\"font-size: small;\">Languide,<\/span><\/p>\n<p><span style=\"font-size: small;\">Contre ce paresseux.<\/span><\/p>\n<p><span style=\"font-size: small;\">Il peut-\u00eatre si charmant,<\/span><\/p>\n<p><span style=\"font-size: small;\">D\u00e9licieuses caresses;<\/span><\/p>\n<p><span style=\"font-size: small;\">Ou soudain si violent,<\/span><\/p>\n<p><span style=\"font-size: small;\">Nous griffe,<\/span><\/p>\n<p><span style=\"font-size: small;\">Nous agresse.<\/span><\/p>\n<p><span style=\"font-size: small;\">Mars est l\u00e0,<\/span><\/p>\n<p><span style=\"font-size: small;\">Combattant<\/span><\/p>\n<p><span style=\"font-size: small;\">A coups de giboul\u00e9es!<\/span><\/p>\n<p><span style=\"font-size: small;\">Mais Avril se d\u00e9fend,<\/span><\/p>\n<p><span style=\"font-size: small;\">D\u00e9chire les nu\u00e9es!<\/span><\/p>\n<p><span style=\"font-size: small;\">Il arrive en dansant,<\/span><\/p>\n<p><span style=\"font-size: small;\">Sautille,<\/span><\/p>\n<p><span style=\"font-size: small;\">Fait des claquettes,<\/span><\/p>\n<p><span style=\"font-size: small;\">Et chasse le g\u00e9ant<\/span><\/p>\n<p><span style=\"font-size: small;\">Direct dans les p\u00e2q&rsquo;rettes!<\/span><\/p>\n","protected":false},"excerpt":{"rendered":"<p>D&rsquo;une douceur de plume, L&rsquo;air embaume, Capiteux, Un bien-\u00eatre que l&rsquo;on hume, En souriant, heureux. Un printemps si timide, Un jour gris, Un jour bleu, Que l&rsquo;on soupire, Languide, Contre ce paresseux. Il peut-\u00eatre si charmant, D\u00e9licieuses caresses; Ou soudain si violent, Nous griffe, Nous agresse. Mars est l\u00e0, Combattant A coups de giboul\u00e9es! Mais [&hellip;]<\/p>\n","protected":false},"author":1,"featured_media":0,"parent":0,"menu_order":0,"comment_status":"open","ping_status":"open","template":"","meta":{"footnotes":""},"class_list":["post-87","page","type-page","status-publish","hentry"],"_links":{"self":[{"href":"https:\/\/martinemrichard.fr\/blog\/index.php?rest_route=\/wp\/v2\/pages\/87","targetHints":{"allow":["GET"]}}],"collection":[{"href":"https:\/\/martinemrichard.fr\/blog\/index.php?rest_route=\/wp\/v2\/pages"}],"about":[{"href":"https:\/\/martinemrichard.fr\/blog\/index.php?rest_route=\/wp\/v2\/types\/page"}],"author":[{"embeddable":true,"href":"https:\/\/martinemrichard.fr\/blog\/index.php?rest_route=\/wp\/v2\/users\/1"}],"replies":[{"embeddable":true,"href":"https:\/\/martinemrichard.fr\/blog\/index.php?rest_route=%2Fwp%2Fv2%2Fcomments&post=87"}],"version-history":[{"count":4,"href":"https:\/\/martinemrichard.fr\/blog\/index.php?rest_route=\/wp\/v2\/pages\/87\/revisions"}],"predecessor-version":[{"id":92,"href":"https:\/\/martinemrichard.fr\/blog\/index.php?rest_route=\/wp\/v2\/pages\/87\/revisions\/92"}],"wp:attachment":[{"href":"https:\/\/martinemrichard.fr\/blog\/index.php?rest_route=%2Fwp%2Fv2%2Fmedia&parent=87"}],"curies":[{"name":"wp","href":"https:\/\/api.w.org\/{rel}","templated":true}]}}